{"id":9135,"date":"2022-11-22T20:03:42","date_gmt":"2022-11-22T19:03:42","guid":{"rendered":"https:\/\/www.nartist.it\/?page_id=9135"},"modified":"2023-01-25T17:49:04","modified_gmt":"2023-01-25T16:49:04","slug":"meeting-for-games","status":"publish","type":"page","link":"https:\/\/www.nartist.it\/fr\/meeting-for-games\/","title":{"rendered":"Rendez-vous pour les Jeux M\u00e9diterran\u00e9e"},"content":{"rendered":"<div class=\"wpb-content-wrapper\"><p>[vc_row][vc_column][vc_empty_space][\/vc_column][\/vc_row][vc_row][vc_column width=\u00a0\u00bb1\/2&Prime; css=\u00a0\u00bb.vc_custom_1668120026517{margin-top: 20px !important;}\u00a0\u00bb offset=\u00a0\u00bbvc_col-lg-6 vc_col-md-6 vc_col-xs-6&Prime;][vc_single_image image=\u00a0\u00bb8964&Prime; img_size=\u00a0\u00bb67&#215;45&Prime; add_caption=\u00a0\u00bbyes\u00a0\u00bb alignment=\u00a0\u00bbcenter\u00a0\u00bb onclick=\u00a0\u00bbcustom_link\u00a0\u00bb link=\u00a0\u00bbhttps:\/\/www.nartist.it\/en\/meeting-for-games\/\u00a0\u00bb][\/vc_column][vc_column width=\u00a0\u00bb1\/2&Prime; css=\u00a0\u00bb.vc_custom_1668120041789{margin-top: 20px !important;}\u00a0\u00bb offset=\u00a0\u00bbvc_col-lg-6 vc_col-md-6 vc_col-xs-6&Prime;][vc_single_image image=\u00a0\u00bb8961&Prime; img_size=\u00a0\u00bb67&#215;45&Prime; add_caption=\u00a0\u00bbyes\u00a0\u00bb alignment=\u00a0\u00bbcenter\u00a0\u00bb onclick=\u00a0\u00bbcustom_link\u00a0\u00bb link=\u00a0\u00bbhttps:\/\/www.nartist.it\/meeting-for-games\/\u00a0\u00bb][\/vc_column][\/vc_row][vc_row][vc_column css=\u00a0\u00bb.vc_custom_1668092356530{margin-top: 20px !important;}\u00a0\u00bb][vc_empty_space][vc_video link=\u00a0\u00bbhttps:\/\/youtu.be\/HbYHjr0-JHU\u00a0\u00bb align=\u00a0\u00bbcenter\u00a0\u00bb css=\u00a0\u00bb.vc_custom_1668109326544{margin-bottom: 20px !important;}\u00a0\u00bb][vc_empty_space][vc_empty_space el_class=\u00a0\u00bbhidden-lg hidden-md\u00a0\u00bb][vc_column_text css_animation=\u00a0\u00bbfadeInUp\u00a0\u00bb]En accord avec le comit\u00e9 d&rsquo;organisation des Jeux de la M\u00e9diterran\u00e9e, nous unissons les peuples de nos 26 pays par le <strong>sport<\/strong>, l&rsquo;<strong>art<\/strong> et la <strong>solidarit\u00e9<\/strong> et mettons en place un concours o\u00f9 tout le monde gagne. Nous avons cr\u00e9\u00e9 un <strong>Concours d&rsquo;Art<\/strong>, destin\u00e9 aux <strong>Entreprises et Institutions<\/strong> afin d&rsquo;<strong>impliquer<\/strong> toutes les communaut\u00e9s et de <strong>collecter des fonds<\/strong> pour des Organismes \u00e0 but non lucratif.<\/p>\n<p>Nous promouvrons ces concours sur les r\u00e9seaux sociaux quotidiennement, \u00e0 partir de 2023 jusqu&rsquo;en 2026.<\/p>\n<p>\u00bb Les <strong>Artistes des \u0153uvres gagnantes <\/strong> de chaque concours seront invit\u00e9s \u00e0 Tarente pour <strong>cr\u00e9er de grandes \u0153uvres d&rsquo;art<\/strong> (peinture, mosa\u00efque, fresque, etc.) dans les nouvelles installations sportives de la ville.<\/p>\n<p>\u00bb <strong>En 2026<\/strong>, <strong>nous choisirons les 26 meilleures \u0153uvres, 1 pour chaque Pays<\/strong>, parmi toutes les \u0153uvres soumises aux diff\u00e9rents Concours et nous r\u00e9compenserons les <strong>citoyens propri\u00e9taires<\/strong> et <strong>artistes<\/strong> des 3 plus belles \u0153uvres par des m\u00e9dailles d\u2019or, d\u2019argent et de bronze, tout comme les athl\u00e8tes.<\/p>\n<h5>Tournons tout de suite les projecteurs sur les prochains Jeux de la M\u00e9diterran\u00e9e, afin de promouvoir les hautes valeurs du Sport, des Arts et de la Solidarit\u00e9.<\/h5>\n<h4 style=\"text-align: center;\"><em><strong>D\u00e9couvrons ensemble comment on peut le faire\u2026<\/strong><\/em><\/h4>\n<p>[\/vc_column_text][vc_column_text css=\u00a0\u00bb.vc_custom_1668014420844{margin-top: 80px !important;}\u00a0\u00bb]<\/p>\n<h4 style=\"text-align: center;\">T\u00e9l\u00e9chargez notre profil d&rsquo;entreprise pour en savoir plus et d\u00e9couvrir comment soutenir l\u2019art et faire votre part<\/h4>\n<p>[\/vc_column_text][vc_single_image image=\u00a0\u00bb9111&Prime; alignment=\u00a0\u00bbcenter\u00a0\u00bb style=\u00a0\u00bbvc_box_circle_2&Prime; onclick=\u00a0\u00bbcustom_link\u00a0\u00bb link=\u00a0\u00bbhttps:\/\/www.nartist.it\/wp-content\/uploads\/2023\/01\/Concours_Nartist_art_pour_jeux_mediterranee_FRA.pdf\u00a0\u00bb][vc_empty_space][vc_column_text css_animation=\u00a0\u00bbfadeInUp\u00a0\u00bb]<\/p>\n<h4 style=\"text-align: center;\">Veuillez remplir le formulaire pour \u00eatre recontact\u00e9<\/h4>\n<p>[\/vc_column_text]\n<div class=\"wpcf7 no-js\" id=\"wpcf7-f8844-o1\" lang=\"fr-FR\" dir=\"ltr\" data-wpcf7-id=\"8844\">\n<div class=\"screen-reader-response\"><p role=\"status\" aria-live=\"polite\" aria-atomic=\"true\"><\/p> <ul><\/ul><\/div>\n<form action=\"\/fr\/wp-json\/wp\/v2\/pages\/9135#wpcf7-f8844-o1\" method=\"post\" class=\"wpcf7-form init\" aria-label=\"Formulaire de contact\" novalidate=\"novalidate\" data-status=\"init\">\n<fieldset class=\"hidden-fields-container\"><input type=\"hidden\" name=\"_wpcf7\" value=\"8844\" \/><input type=\"hidden\" name=\"_wpcf7_version\" value=\"6.1.5\" \/><input type=\"hidden\" name=\"_wpcf7_locale\" value=\"fr_FR\" \/><input type=\"hidden\" name=\"_wpcf7_unit_tag\" value=\"wpcf7-f8844-o1\" \/><input type=\"hidden\" name=\"_wpcf7_container_post\" value=\"0\" \/><input type=\"hidden\" name=\"_wpcf7_posted_data_hash\" value=\"\" \/><input type=\"hidden\" name=\"_wpcf7_recaptcha_response\" value=\"\" \/>\n<\/fieldset>\n<p><label> Nom et pr\u00e9nom (requis)<br \/>\n<span class=\"wpcf7-form-control-wrap\" data-name=\"your-name\"><input size=\"40\" maxlength=\"400\" class=\"wpcf7-form-control wpcf7-text wpcf7-validates-as-required\" aria-required=\"true\" aria-invalid=\"false\" value=\"\" type=\"text\" name=\"your-name\" \/><\/span> <\/label><br \/>\n<label> Email (requis)<br \/>\n<span class=\"wpcf7-form-control-wrap\" data-name=\"your-email\"><input size=\"40\" maxlength=\"400\" class=\"wpcf7-form-control wpcf7-email wpcf7-validates-as-required wpcf7-text wpcf7-validates-as-email\" aria-required=\"true\" aria-invalid=\"false\" value=\"\" type=\"email\" name=\"your-email\" \/><\/span> <\/label><br \/>\n<label> Num\u00e9ro de t\u00e9l\u00e9phone<br \/>\n<span class=\"wpcf7-form-control-wrap\" data-name=\"your-phone\"><input size=\"40\" maxlength=\"400\" class=\"wpcf7-form-control wpcf7-tel wpcf7-text wpcf7-validates-as-tel\" aria-invalid=\"false\" value=\"\" type=\"tel\" name=\"your-phone\" \/><\/span> <\/label><br \/>\n<label> Message<br \/>\n<span class=\"wpcf7-form-control-wrap\" data-name=\"your-message\"><textarea cols=\"40\" rows=\"10\" maxlength=\"2000\" class=\"wpcf7-form-control wpcf7-textarea\" aria-invalid=\"false\" name=\"your-message\"><\/textarea><\/span> <\/label>\n<\/p>\n<p><span class=\"wpcf7-form-control-wrap\" data-name=\"checkbox-privacy\"><span class=\"wpcf7-form-control wpcf7-checkbox wpcf7-validates-as-required\" id=\"checkbox-privacy\"><span class=\"wpcf7-list-item first last\"><input type=\"checkbox\" name=\"checkbox-privacy[]\" value=\"Je confirme avoir lu la politique de confidentialit\u00e9 (obligatoire)\" \/><span class=\"wpcf7-list-item-label\">Je confirme avoir lu la politique de confidentialit\u00e9 (obligatoire)<\/span><\/span><\/span><\/span>\n<\/p>\n<span class=\"wpcf7-form-control-wrap recaptcha\" data-name=\"recaptcha\"><span data-sitekey=\"6Lf6OMQZAAAAAE-ruqnAnCIFIhYggJGBUZzm7tYg\" class=\"wpcf7-form-control wpcf7-recaptcha g-recaptcha\"><\/span>\r\n<noscript>\r\n\t<div class=\"grecaptcha-noscript\">\r\n\t\t<iframe src=\"https:\/\/www.google.com\/recaptcha\/api\/fallback?k=6Lf6OMQZAAAAAE-ruqnAnCIFIhYggJGBUZzm7tYg\" frameborder=\"0\" scrolling=\"no\" width=\"310\" height=\"430\">\r\n\t\t<\/iframe>\r\n\t\t<textarea name=\"g-recaptcha-response\" rows=\"3\" cols=\"40\" placeholder=\"reCaptcha Response Here\">\r\n\t\t<\/textarea>\r\n\t<\/div>\r\n<\/noscript>\r\n<\/span>\n<p><input class=\"wpcf7-form-control wpcf7-submit has-spinner\" type=\"submit\" value=\"Envoyer\" \/>\n<\/p><div class=\"wpcf7-response-output\" aria-hidden=\"true\"><\/div>\n<\/form>\n<\/div>\n[vc_empty_space][\/vc_column][\/vc_row]<\/p>\n<\/div>","protected":false},"excerpt":{"rendered":"<p>[vc_row][vc_column][vc_empty_space][\/vc_column][\/vc_row][vc_row][vc_column width=\u00a0\u00bb1\/2&Prime; css=\u00a0\u00bb.vc_custom_1668120026517{margin-top: 20px !important;}\u00a0\u00bb offset=\u00a0\u00bbvc_col-lg-6 vc_col-md-6 vc_col-xs-6&Prime;][vc_single_image image=\u00a0\u00bb8964&Prime; img_size=\u00a0\u00bb67&#215;45&Prime; add_caption=\u00a0\u00bbyes\u00a0\u00bb alignment=\u00a0\u00bbcenter\u00a0\u00bb onclick=\u00a0\u00bbcustom_link\u00a0\u00bb link=\u00a0\u00bbhttps:\/\/www.nartist.it\/en\/meeting-for-games\/\u00a0\u00bb][\/vc_column][vc_column width=\u00a0\u00bb1\/2&Prime; css=\u00a0\u00bb.vc_custom_1668120041789{margin-top: 20px !important;}\u00a0\u00bb offset=\u00a0\u00bbvc_col-lg-6 vc_col-md-6 vc_col-xs-6&Prime;][vc_single_image image=\u00a0\u00bb8961&Prime; img_size=\u00a0\u00bb67&#215;45&Prime; add_caption=\u00a0\u00bbyes\u00a0\u00bb alignment=\u00a0\u00bbcenter\u00a0\u00bb onclick=\u00a0\u00bbcustom_link\u00a0\u00bb link=\u00a0\u00bbhttps:\/\/www.nartist.it\/meeting-for-games\/\u00a0\u00bb][\/vc_column][\/vc_row][vc_row][vc_column css=\u00a0\u00bb.vc_custom_1668092356530{margin-top: 20px !important;}\u00a0\u00bb][vc_empty_space][vc_video link=\u00a0\u00bbhttps:\/\/youtu.be\/HbYHjr0-JHU\u00a0\u00bb align=\u00a0\u00bbcenter\u00a0\u00bb css=\u00a0\u00bb.vc_custom_1668109326544{margin-bottom: 20px !important;}\u00a0\u00bb][vc_empty_space][vc_empty_space el_class=\u00a0\u00bbhidden-lg hidden-md\u00a0\u00bb][vc_column_text css_animation=\u00a0\u00bbfadeInUp\u00a0\u00bb]En accord avec le comit\u00e9 d&rsquo;organisation des Jeux de la M\u00e9diterran\u00e9e, nous unissons les peuples de nos 26 [&hellip;]<\/p>\n","protected":false},"author":5,"featured_media":0,"parent":0,"menu_order":0,"comment_status":"closed","ping_status":"closed","template":"","meta":{"footnotes":""},"class_list":["post-9135","page","type-page","status-publish","hentry"],"yoast_head":"<!-- This site is optimized with the Yoast SEO plugin v27.3 - https:\/\/yoast.com\/product\/yoast-seo-wordpress\/ -->\n<title>Rendez-vous pour les Jeux M\u00e9diterran\u00e9e - Nartist<\/title>\n<meta name=\"description\" content=\"Concours d&#039;art pour les Jeux de la M\u00e9diterran\u00e9e au profit de projets \u00e0 but non lucratif. Cr\u00e9ons ensemble une comp\u00e9tition dans laquelle tout le monde gagne.\" \/>\n<meta name=\"robots\" content=\"index, follow, max-snippet:-1, max-image-preview:large, max-video-preview:-1\" \/>\n<link rel=\"canonical\" href=\"https:\/\/www.nartist.it\/fr\/meeting-for-games\/\" \/>\n<meta property=\"og:locale\" content=\"fr_FR\" \/>\n<meta property=\"og:type\" content=\"article\" \/>\n<meta property=\"og:title\" content=\"Rendez-vous pour les Jeux M\u00e9diterran\u00e9e - Nartist\" \/>\n<meta property=\"og:description\" content=\"Concours d&#039;art pour les Jeux de la M\u00e9diterran\u00e9e au profit de projets \u00e0 but non lucratif. Cr\u00e9ons ensemble une comp\u00e9tition dans laquelle tout le monde gagne.\" \/>\n<meta property=\"og:url\" content=\"https:\/\/www.nartist.it\/fr\/meeting-for-games\/\" \/>\n<meta property=\"og:site_name\" content=\"Nartist\" \/>\n<meta property=\"article:publisher\" content=\"https:\/\/www.facebook.com\/Nartistofficial\" \/>\n<meta property=\"article:modified_time\" content=\"2023-01-25T16:49:04+00:00\" \/>\n<meta name=\"twitter:card\" content=\"summary_large_image\" \/>\n<meta name=\"twitter:label1\" content=\"Dur\u00e9e de lecture estim\u00e9e\" \/>\n\t<meta name=\"twitter:data1\" content=\"2 minutes\" \/>\n<script type=\"application\/ld+json\" class=\"yoast-schema-graph\">{\"@context\":\"https:\\\/\\\/schema.org\",\"@graph\":[{\"@type\":\"WebPage\",\"@id\":\"https:\\\/\\\/www.nartist.it\\\/fr\\\/meeting-for-games\\\/\",\"url\":\"https:\\\/\\\/www.nartist.it\\\/fr\\\/meeting-for-games\\\/\",\"name\":\"Rendez-vous pour les Jeux M\u00e9diterran\u00e9e - Nartist\",\"isPartOf\":{\"@id\":\"https:\\\/\\\/www.nartist.it\\\/#website\"},\"datePublished\":\"2022-11-22T19:03:42+00:00\",\"dateModified\":\"2023-01-25T16:49:04+00:00\",\"description\":\"Concours d'art pour les Jeux de la M\u00e9diterran\u00e9e au profit de projets \u00e0 but non lucratif. Cr\u00e9ons ensemble une comp\u00e9tition dans laquelle tout le monde gagne.\",\"inLanguage\":\"fr-FR\",\"potentialAction\":[{\"@type\":\"ReadAction\",\"target\":[\"https:\\\/\\\/www.nartist.it\\\/fr\\\/meeting-for-games\\\/\"]}]},{\"@type\":\"WebSite\",\"@id\":\"https:\\\/\\\/www.nartist.it\\\/#website\",\"url\":\"https:\\\/\\\/www.nartist.it\\\/\",\"name\":\"Nartist\",\"description\":\"Finestre d&#039;arte aperte sul mondo\",\"potentialAction\":[{\"@type\":\"SearchAction\",\"target\":{\"@type\":\"EntryPoint\",\"urlTemplate\":\"https:\\\/\\\/www.nartist.it\\\/?s={search_term_string}\"},\"query-input\":{\"@type\":\"PropertyValueSpecification\",\"valueRequired\":true,\"valueName\":\"search_term_string\"}}],\"inLanguage\":\"fr-FR\"}]}<\/script>\n<!-- \/ Yoast SEO plugin. -->","yoast_head_json":{"title":"Rendez-vous pour les Jeux M\u00e9diterran\u00e9e - Nartist","description":"Concours d'art pour les Jeux de la M\u00e9diterran\u00e9e au profit de projets \u00e0 but non lucratif. Cr\u00e9ons ensemble une comp\u00e9tition dans laquelle tout le monde gagne.","robots":{"index":"index","follow":"follow","max-snippet":"max-snippet:-1","max-image-preview":"max-image-preview:large","max-video-preview":"max-video-preview:-1"},"canonical":"https:\/\/www.nartist.it\/fr\/meeting-for-games\/","og_locale":"fr_FR","og_type":"article","og_title":"Rendez-vous pour les Jeux M\u00e9diterran\u00e9e - Nartist","og_description":"Concours d'art pour les Jeux de la M\u00e9diterran\u00e9e au profit de projets \u00e0 but non lucratif. Cr\u00e9ons ensemble une comp\u00e9tition dans laquelle tout le monde gagne.","og_url":"https:\/\/www.nartist.it\/fr\/meeting-for-games\/","og_site_name":"Nartist","article_publisher":"https:\/\/www.facebook.com\/Nartistofficial","article_modified_time":"2023-01-25T16:49:04+00:00","twitter_card":"summary_large_image","twitter_misc":{"Dur\u00e9e de lecture estim\u00e9e":"2 minutes"},"schema":{"@context":"https:\/\/schema.org","@graph":[{"@type":"WebPage","@id":"https:\/\/www.nartist.it\/fr\/meeting-for-games\/","url":"https:\/\/www.nartist.it\/fr\/meeting-for-games\/","name":"Rendez-vous pour les Jeux M\u00e9diterran\u00e9e - Nartist","isPartOf":{"@id":"https:\/\/www.nartist.it\/#website"},"datePublished":"2022-11-22T19:03:42+00:00","dateModified":"2023-01-25T16:49:04+00:00","description":"Concours d'art pour les Jeux de la M\u00e9diterran\u00e9e au profit de projets \u00e0 but non lucratif. Cr\u00e9ons ensemble une comp\u00e9tition dans laquelle tout le monde gagne.","inLanguage":"fr-FR","potentialAction":[{"@type":"ReadAction","target":["https:\/\/www.nartist.it\/fr\/meeting-for-games\/"]}]},{"@type":"WebSite","@id":"https:\/\/www.nartist.it\/#website","url":"https:\/\/www.nartist.it\/","name":"Nartist","description":"Finestre d&#039;arte aperte sul mondo","potentialAction":[{"@type":"SearchAction","target":{"@type":"EntryPoint","urlTemplate":"https:\/\/www.nartist.it\/?s={search_term_string}"},"query-input":{"@type":"PropertyValueSpecification","valueRequired":true,"valueName":"search_term_string"}}],"inLanguage":"fr-FR"}]}},"_links":{"self":[{"href":"https:\/\/www.nartist.it\/fr\/wp-json\/wp\/v2\/pages\/9135","targetHints":{"allow":["GET"]}}],"collection":[{"href":"https:\/\/www.nartist.it\/fr\/wp-json\/wp\/v2\/pages"}],"about":[{"href":"https:\/\/www.nartist.it\/fr\/wp-json\/wp\/v2\/types\/page"}],"author":[{"embeddable":true,"href":"https:\/\/www.nartist.it\/fr\/wp-json\/wp\/v2\/users\/5"}],"replies":[{"embeddable":true,"href":"https:\/\/www.nartist.it\/fr\/wp-json\/wp\/v2\/comments?post=9135"}],"version-history":[{"count":14,"href":"https:\/\/www.nartist.it\/fr\/wp-json\/wp\/v2\/pages\/9135\/revisions"}],"predecessor-version":[{"id":9651,"href":"https:\/\/www.nartist.it\/fr\/wp-json\/wp\/v2\/pages\/9135\/revisions\/9651"}],"wp:attachment":[{"href":"https:\/\/www.nartist.it\/fr\/wp-json\/wp\/v2\/media?parent=9135"}],"curies":[{"name":"wp","href":"https:\/\/api.w.org\/{rel}","templated":true}]}}