{"id":8720,"date":"2022-04-26T18:08:23","date_gmt":"2022-04-26T16:08:23","guid":{"rendered":"https:\/\/www.nartist.it\/concept-store\/"},"modified":"2023-01-06T19:19:06","modified_gmt":"2023-01-06T18:19:06","slug":"concept-store","status":"publish","type":"page","link":"https:\/\/www.nartist.it\/fr\/concept-store\/","title":{"rendered":"Concept Store"},"content":{"rendered":"<div class=\"wpb-content-wrapper\"><p>[vc_row parallax=\u00a0\u00bbcontent-moving\u00a0\u00bb parallax_image=\u00a0\u00bb4775&Prime; css=\u00a0\u00bb.vc_custom_1665844328307{margin-top: 0px !important;padding-top: 0px !important;background-color: #1d1d1b !important;}\u00a0\u00bb][vc_column][vc_empty_space][vc_custom_heading text=\u00a0\u00bbDona e Risparmia, Investi in Arte e Vinci\u00a0\u00bb font_container=\u00a0\u00bbtag:h2|text_align:center|color:%23f6a704&Prime; use_theme_fonts=\u00a0\u00bbyes\u00a0\u00bb css_animation=\u00a0\u00bbfadeInDown\u00a0\u00bb][vc_column_text css_animation=\u00a0\u00bbfadeInUp\u00a0\u00bb]<\/p>\n<h4 style=\"text-align: center;\">L&rsquo;Arte e la Solidariet\u00e0 sono i valori aggiunti di tutti i prodotti e le opere del nostro store.<br \/>\nNon sar\u00e0 un semplice acquisto. Sar\u00e0 una esperienza di acquisto etica e solidale in quanto ti permette di avvicinarti e sostenere l\u2019arte aiutando un progetto sociale.<br \/>\nAcquista un prodotto, associa una tela Nartist o un\u2019opera su tela Nartist e ottieni un risparmio di oltre il 60%. Il risparmio offerto \u00e8 un invito ad avvicinarti al mondo dell\u2019arte commissionando l\u2019opera ad un artista.<\/h4>\n<p>[\/vc_column_text][\/vc_column][\/vc_row][vc_row][vc_column width=\u00a0\u00bb1\/3&Prime;][vc_empty_space][vc_single_image image=\u00a0\u00bb8458&Prime; img_size=\u00a0\u00bb200&#215;200&Prime; alignment=\u00a0\u00bbcenter\u00a0\u00bb style=\u00a0\u00bbvc_box_circle_2&Prime; onclick=\u00a0\u00bbcustom_link\u00a0\u00bb link=\u00a0\u00bbhttps:\/\/www.nartist.it\/product-category\/tele-nartist\/\u00a0\u00bb][vc_empty_space][vc_custom_heading text=\u00a0\u00bbTele Nartist\u00a0\u00bb font_container=\u00a0\u00bbtag:h4|text_align:center|color:%23f6a704&Prime; use_theme_fonts=\u00a0\u00bbyes\u00a0\u00bb css_animation=\u00a0\u00bbfadeInDown\u00a0\u00bb link=\u00a0\u00bburl:https%3A%2F%2Fwww.nartist.it%2Fproduct-category%2Ftele-nartist%2F\u00a0\u00bb][vc_column_text css_animation=\u00a0\u00bbfadeInUp\u00a0\u00bb]<\/p>\n<h5 style=\"text-align: center;\">Dona, risparmia e partecipa<\/h5>\n<p>[\/vc_column_text][\/vc_column][vc_column width=\u00a0\u00bb1\/3&Prime;][vc_empty_space][vc_single_image image=\u00a0\u00bb8460&Prime; img_size=\u00a0\u00bb200&#215;200&Prime; alignment=\u00a0\u00bbcenter\u00a0\u00bb style=\u00a0\u00bbvc_box_circle_2&Prime; onclick=\u00a0\u00bbcustom_link\u00a0\u00bb link=\u00a0\u00bbhttps:\/\/www.nartist.it\/contest\/artworks\u00a0\u00bb][vc_empty_space][vc_custom_heading text=\u00a0\u00bbOpere d&rsquo;Arte\u00a0\u00bb font_container=\u00a0\u00bbtag:h4|text_align:center|color:%23f6a704&Prime; use_theme_fonts=\u00a0\u00bbyes\u00a0\u00bb css_animation=\u00a0\u00bbfadeInDown\u00a0\u00bb link=\u00a0\u00bburl:https%3A%2F%2Fwww.nartist.it%2Fcontest%2Fartworks\u00a0\u00bb][vc_column_text css_animation=\u00a0\u00bbfadeInUp\u00a0\u00bb]<\/p>\n<h5 style=\"text-align: center;\">Colleziona, risparmia e dona<\/h5>\n<p>[\/vc_column_text][\/vc_column][vc_column width=\u00a0\u00bb1\/3&Prime;][vc_empty_space][vc_single_image image=\u00a0\u00bb7648&Prime; img_size=\u00a0\u00bb200&#215;200&Prime; alignment=\u00a0\u00bbcenter\u00a0\u00bb style=\u00a0\u00bbvc_box_circle_2&Prime; onclick=\u00a0\u00bbcustom_link\u00a0\u00bb link=\u00a0\u00bbhttps:\/\/www.nartist.it\/product\/nartbox\/\u00a0\u00bb][vc_empty_space][vc_custom_heading text=\u00a0\u00bbNartbox\u00a0\u00bb font_container=\u00a0\u00bbtag:h4|text_align:center|color:%23f6a704&Prime; use_theme_fonts=\u00a0\u00bbyes\u00a0\u00bb css_animation=\u00a0\u00bbfadeInDown\u00a0\u00bb link=\u00a0\u00bburl:https%3A%2F%2Fwww.nartist.it%2Fproduct%2Fnartbox%2F\u00a0\u00bb][vc_column_text css_animation=\u00a0\u00bbfadeInUp\u00a0\u00bb]<\/p>\n<h5 style=\"text-align: center;\">Mostra la tua opera d\u2019arte<\/h5>\n<p>[\/vc_column_text][\/vc_column][\/vc_row][vc_row][vc_column width=\u00a0\u00bb1\/3&Prime;][vc_empty_space][vc_single_image image=\u00a0\u00bb7422&Prime; img_size=\u00a0\u00bb200&#215;200&Prime; alignment=\u00a0\u00bbcenter\u00a0\u00bb style=\u00a0\u00bbvc_box_circle_2&Prime; onclick=\u00a0\u00bbcustom_link\u00a0\u00bb link=\u00a0\u00bbhttps:\/\/www.nartist.it\/product\/camicia-donna\/\u00a0\u00bb][vc_empty_space][vc_custom_heading text=\u00a0\u00bbCamicia Donna\u00a0\u00bb font_container=\u00a0\u00bbtag:h4|text_align:center|color:%23f6a704&Prime; use_theme_fonts=\u00a0\u00bbyes\u00a0\u00bb css_animation=\u00a0\u00bbfadeInDown\u00a0\u00bb link=\u00a0\u00bburl:https%3A%2F%2Fwww.nartist.it%2Fproduct%2Fcamicia-donna%2F\u00a0\u00bb][vc_column_text css_animation=\u00a0\u00bbfadeInUp\u00a0\u00bb]<\/p>\n<h5 style=\"text-align: center;\">Indossa la tua opera d\u2019arte<\/h5>\n<p>[\/vc_column_text][\/vc_column][vc_column width=\u00a0\u00bb1\/3&Prime;][vc_empty_space][vc_single_image image=\u00a0\u00bb7512&Prime; img_size=\u00a0\u00bb200&#215;200&Prime; alignment=\u00a0\u00bbcenter\u00a0\u00bb style=\u00a0\u00bbvc_box_circle_2&Prime; onclick=\u00a0\u00bbcustom_link\u00a0\u00bb link=\u00a0\u00bbhttps:\/\/www.nartist.it\/product\/camicia-uomo\/\u00a0\u00bb][vc_empty_space][vc_custom_heading text=\u00a0\u00bbCamicia Uomo\u00a0\u00bb font_container=\u00a0\u00bbtag:h4|text_align:center|color:%23f6a704&Prime; use_theme_fonts=\u00a0\u00bbyes\u00a0\u00bb css_animation=\u00a0\u00bbfadeInDown\u00a0\u00bb link=\u00a0\u00bburl:https%3A%2F%2Fwww.nartist.it%2Fproduct%2Fcamicia-uomo%2F\u00a0\u00bb][vc_column_text css_animation=\u00a0\u00bbfadeInUp\u00a0\u00bb]<\/p>\n<h5 style=\"text-align: center;\">Indossa la tua opera d\u2019arte<\/h5>\n<p>[\/vc_column_text][\/vc_column][vc_column width=\u00a0\u00bb1\/3&Prime;][vc_empty_space][vc_single_image image=\u00a0\u00bb7404&Prime; img_size=\u00a0\u00bb200&#215;200&Prime; alignment=\u00a0\u00bbcenter\u00a0\u00bb style=\u00a0\u00bbvc_box_circle_2&Prime; onclick=\u00a0\u00bbcustom_link\u00a0\u00bb link=\u00a0\u00bbhttps:\/\/www.nartist.it\/product\/t-shirt\/\u00a0\u00bb][vc_empty_space][vc_custom_heading text=\u00a0\u00bbT-shirt\u00a0\u00bb font_container=\u00a0\u00bbtag:h4|text_align:center|color:%23f6a704&Prime; use_theme_fonts=\u00a0\u00bbyes\u00a0\u00bb css_animation=\u00a0\u00bbfadeInDown\u00a0\u00bb link=\u00a0\u00bburl:%20https%3A%2F%2Fwww.nartist.it%2Fproduct%2Ft-shirt%2F\u00a0\u00bb][vc_column_text css_animation=\u00a0\u00bbfadeInUp\u00a0\u00bb]<\/p>\n<h5 style=\"text-align: center;\">Indossa la tua opera d\u2019arte<\/h5>\n<p>[\/vc_column_text][\/vc_column][\/vc_row][vc_row parallax=\u00a0\u00bbcontent-moving\u00a0\u00bb parallax_image=\u00a0\u00bb4775&Prime; css=\u00a0\u00bb.vc_custom_1665844328307{margin-top: 0px !important;padding-top: 0px !important;background-color: #1d1d1b !important;}\u00a0\u00bb][vc_column][vc_custom_heading text=\u00a0\u00bbContest Edition\u00a0\u00bb font_container=\u00a0\u00bbtag:h2|text_align:center|color:%23f6a704&Prime; use_theme_fonts=\u00a0\u00bbyes\u00a0\u00bb css_animation=\u00a0\u00bbfadeInDown\u00a0\u00bb css=\u00a0\u00bb.vc_custom_1673009158949{margin-top: 32px !important;}\u00a0\u00bb][vc_column_text css_animation=\u00a0\u00bbfadeInUp\u00a0\u00bb]<\/p>\n<h4 style=\"text-align: center;\">In occasione di Concorsi d\u2019Arte attivi, hai la possibilit\u00e0 di ulteriori risparmi. Acquistando il prodotto devi solo scegliere la tela Nartist del concorso a cui vuoi partecipare.<\/h4>\n<p>[\/vc_column_text][\/vc_column][\/vc_row][vc_row][vc_column width=\u00a0\u00bb1\/3&Prime;][vc_empty_space][vc_single_image image=\u00a0\u00bb9445&Prime; img_size=\u00a0\u00bb200&#215;200&Prime; alignment=\u00a0\u00bbcenter\u00a0\u00bb style=\u00a0\u00bbvc_box_circle_2&Prime; onclick=\u00a0\u00bbcustom_link\u00a0\u00bb link=\u00a0\u00bbhttps:\/\/www.nartist.it\/product\/camicia-donna-contest-edition\/\u00a0\u00bb][vc_empty_space][vc_custom_heading text=\u00a0\u00bbCamicia Donna + Tela\u00a0\u00bb font_container=\u00a0\u00bbtag:h4|text_align:center|color:%23f6a704&Prime; use_theme_fonts=\u00a0\u00bbyes\u00a0\u00bb css_animation=\u00a0\u00bbfadeInDown\u00a0\u00bb link=\u00a0\u00bburl:https%3A%2F%2Fwww.nartist.it%2Fproduct%2Fcamicia-donna-contest-edition%2F\u00a0\u00bb][vc_column_text css_animation=\u00a0\u00bbfadeInUp\u00a0\u00bb]<\/p>\n<h5 style=\"text-align: center;\">Indossa la tua opera d\u2019arte<\/h5>\n<p>[\/vc_column_text][\/vc_column][vc_column width=\u00a0\u00bb1\/3&Prime;][vc_empty_space][vc_single_image image=\u00a0\u00bb9424&Prime; img_size=\u00a0\u00bb200&#215;200&Prime; alignment=\u00a0\u00bbcenter\u00a0\u00bb style=\u00a0\u00bbvc_box_circle_2&Prime; onclick=\u00a0\u00bbcustom_link\u00a0\u00bb link=\u00a0\u00bbhttps:\/\/www.nartist.it\/product\/camicia-uomo-contest-edition\/\u00a0\u00bb][vc_empty_space][vc_custom_heading text=\u00a0\u00bbCamicia Uomo + Tela\u00a0\u00bb font_container=\u00a0\u00bbtag:h4|text_align:center|color:%23f6a704&Prime; use_theme_fonts=\u00a0\u00bbyes\u00a0\u00bb css_animation=\u00a0\u00bbfadeInDown\u00a0\u00bb link=\u00a0\u00bburl:https%3A%2F%2Fwww.nartist.it%2Fproduct%2Fcamicia-uomo-contest-edition%2F\u00a0\u00bb][vc_column_text css_animation=\u00a0\u00bbfadeInUp\u00a0\u00bb]<\/p>\n<h5 style=\"text-align: center;\">Indossa la tua opera d\u2019arte<\/h5>\n<p>[\/vc_column_text][\/vc_column][vc_column width=\u00a0\u00bb1\/3&Prime;][vc_empty_space][vc_single_image image=\u00a0\u00bb9418&Prime; img_size=\u00a0\u00bb200&#215;200&Prime; alignment=\u00a0\u00bbcenter\u00a0\u00bb style=\u00a0\u00bbvc_box_circle_2&Prime; onclick=\u00a0\u00bbcustom_link\u00a0\u00bb link=\u00a0\u00bbhttps:\/\/www.nartist.it\/product\/t-shirt-contest-edition\/\u00a0\u00bb][vc_empty_space][vc_custom_heading text=\u00a0\u00bbT-shirt + Tela\u00a0\u00bb font_container=\u00a0\u00bbtag:h4|text_align:center|color:%23f6a704&Prime; use_theme_fonts=\u00a0\u00bbyes\u00a0\u00bb css_animation=\u00a0\u00bbfadeInDown\u00a0\u00bb link=\u00a0\u00bburl:https%3A%2F%2Fwww.nartist.it%2Fproduct%2Ft-shirt-contest-edition%2F\u00a0\u00bb][vc_column_text css_animation=\u00a0\u00bbfadeInUp\u00a0\u00bb]<\/p>\n<h5 style=\"text-align: center;\">Indossa la tua opera d\u2019arte<\/h5>\n<p>[\/vc_column_text][\/vc_column][\/vc_row][vc_row][vc_column width=\u00a0\u00bb1\/2&Prime;][vc_empty_space][vc_single_image image=\u00a0\u00bb9487&Prime; img_size=\u00a0\u00bb200&#215;200&Prime; alignment=\u00a0\u00bbcenter\u00a0\u00bb style=\u00a0\u00bbvc_box_circle_2&Prime; onclick=\u00a0\u00bbcustom_link\u00a0\u00bb link=\u00a0\u00bbhttps:\/\/www.nartist.it\/product\/nartbox-contest-edition\/\u00a0\u00bb][vc_empty_space][vc_custom_heading text=\u00a0\u00bbNartbox + Tela\u00a0\u00bb font_container=\u00a0\u00bbtag:h4|text_align:center|color:%23f6a704&Prime; use_theme_fonts=\u00a0\u00bbyes\u00a0\u00bb css_animation=\u00a0\u00bbfadeInDown\u00a0\u00bb link=\u00a0\u00bburl:https%3A%2F%2Fwww.nartist.it%2Fproduct%2Fnartbox-contest-edition%2F\u00a0\u00bb][vc_column_text css_animation=\u00a0\u00bbfadeInUp\u00a0\u00bb]<\/p>\n<h5 style=\"text-align: center;\">Mostra la tua opera d\u2019arte<\/h5>\n<p>[\/vc_column_text][\/vc_column][vc_column width=\u00a0\u00bb1\/2&Prime;][vc_empty_space][vc_single_image image=\u00a0\u00bb9543&Prime; img_size=\u00a0\u00bb200&#215;200&Prime; alignment=\u00a0\u00bbcenter\u00a0\u00bb style=\u00a0\u00bbvc_box_circle_2&Prime; onclick=\u00a0\u00bbcustom_link\u00a0\u00bb link=\u00a0\u00bbhttps:\/\/www.nartist.it\/product\/t-shirt-grigia-contest-edition\/\u00a0\u00bb][vc_empty_space][vc_custom_heading text=\u00a0\u00bbT-shirt Grigia + Tela\u00a0\u00bb font_container=\u00a0\u00bbtag:h4|text_align:center|color:%23f6a704&Prime; use_theme_fonts=\u00a0\u00bbyes\u00a0\u00bb css_animation=\u00a0\u00bbfadeInDown\u00a0\u00bb link=\u00a0\u00bburl:https%3A%2F%2Fwww.nartist.it%2Fproduct%2Ft-shirt-grigia-contest-edition%2F\u00a0\u00bb][vc_column_text css_animation=\u00a0\u00bbfadeInUp\u00a0\u00bb]<\/p>\n<h5 style=\"text-align: center;\">Indossa la tua opera d\u2019arte<\/h5>\n<p>[\/vc_column_text][\/vc_column][\/vc_row][vc_row css=\u00a0\u00bb.vc_custom_1650384309953{background-color: #1d1d1b !important;}\u00a0\u00bb][vc_column width=\u00a0\u00bb1\/2&Prime;][vc_empty_space][vc_cta h2=\u00a0\u00bbScopri di pi\u00f9 sulla Tela Nartist\u00a0\u00bb h2_font_container=\u00a0\u00bbtag:h4|text_align:center|color:%23ffffff\u00a0\u00bb h2_use_theme_fonts=\u00a0\u00bbyes\u00a0\u00bb txt_align=\u00a0\u00bbcenter\u00a0\u00bb style=\u00a0\u00bbcustom\u00a0\u00bb use_custom_fonts_h2=\u00a0\u00bbtrue\u00a0\u00bb h2_link=\u00a0\u00bburl:https%3A%2F%2Fwww.nartist.it%2Fla-tela-nartist%2F\u00a0\u00bb custom_background=\u00a0\u00bb#1d1d1b\u00a0\u00bb custom_text=\u00a0\u00bb#ffffff\u00a0\u00bb h2_el_class=\u00a0\u00bbmargin-bottom-zero\u00a0\u00bb][\/vc_cta][\/vc_column][vc_column width=\u00a0\u00bb1\/2&Prime;][vc_empty_space][vc_cta h2=\u00a0\u00bbScopri di pi\u00f9 sulla nostra Storia\u00a0\u00bb h2_font_container=\u00a0\u00bbtag:h4|text_align:center|color:%231d1d1b\u00a0\u00bb h2_use_theme_fonts=\u00a0\u00bbyes\u00a0\u00bb txt_align=\u00a0\u00bbcenter\u00a0\u00bb style=\u00a0\u00bbcustom\u00a0\u00bb use_custom_fonts_h2=\u00a0\u00bbtrue\u00a0\u00bb h2_link=\u00a0\u00bburl:https%3A%2F%2Fwww.nartist.it%2Fla-nostra-storia%2F\u00a0\u00bb custom_background=\u00a0\u00bb#ffffff\u00a0\u00bb custom_text=\u00a0\u00bb#1d1d1b\u00a0\u00bb h2_el_class=\u00a0\u00bbmargin-bottom-zero\u00a0\u00bb][\/vc_cta][\/vc_column][\/vc_row][vc_row][vc_column][vc_empty_space][\/vc_column][\/vc_row]<\/p>\n<\/div>","protected":false},"excerpt":{"rendered":"<p>[vc_row parallax=\u00a0\u00bbcontent-moving\u00a0\u00bb parallax_image=\u00a0\u00bb4775&Prime; css=\u00a0\u00bb.vc_custom_1665844328307{margin-top: 0px !important;padding-top: 0px !important;background-color: #1d1d1b !important;}\u00a0\u00bb][vc_column][vc_empty_space][vc_custom_heading text=\u00a0\u00bbDona e Risparmia, Investi in Arte e Vinci\u00a0\u00bb font_container=\u00a0\u00bbtag:h2|text_align:center|color:%23f6a704&Prime; use_theme_fonts=\u00a0\u00bbyes\u00a0\u00bb css_animation=\u00a0\u00bbfadeInDown\u00a0\u00bb][vc_column_text css_animation=\u00a0\u00bbfadeInUp\u00a0\u00bb] L&rsquo;Arte e la Solidariet\u00e0 sono i valori aggiunti di tutti i prodotti e le opere del nostro store. Non sar\u00e0 un semplice acquisto. Sar\u00e0 una esperienza di acquisto etica e solidale in quanto [&hellip;]<\/p>\n","protected":false},"author":7,"featured_media":0,"parent":0,"menu_order":0,"comment_status":"closed","ping_status":"closed","template":"","meta":{"footnotes":""},"class_list":["post-8720","page","type-page","status-publish","hentry"],"yoast_head":"<!-- This site is optimized with the Yoast SEO plugin v27.3 - https:\/\/yoast.com\/product\/yoast-seo-wordpress\/ -->\n<title>Concept store Nartist<\/title>\n<meta name=\"description\" content=\"Il concept store Nartist \u00e8 un punto vendita digitale e sociale. Acquista un prodotto, associa un tela o opera Nartist, ricevi risparmi.\" \/>\n<meta name=\"robots\" content=\"index, follow, max-snippet:-1, max-image-preview:large, max-video-preview:-1\" \/>\n<link rel=\"canonical\" href=\"https:\/\/www.nartist.it\/fr\/concept-store\/\" \/>\n<meta property=\"og:locale\" content=\"fr_FR\" \/>\n<meta property=\"og:type\" content=\"article\" \/>\n<meta property=\"og:title\" content=\"Concept store Nartist\" \/>\n<meta property=\"og:description\" content=\"Il concept store Nartist \u00e8 un punto vendita digitale e sociale. Acquista un prodotto, associa un tela o opera Nartist, ricevi risparmi.\" \/>\n<meta property=\"og:url\" content=\"https:\/\/www.nartist.it\/fr\/concept-store\/\" \/>\n<meta property=\"og:site_name\" content=\"Nartist\" \/>\n<meta property=\"article:publisher\" content=\"https:\/\/www.facebook.com\/Nartistofficial\" \/>\n<meta property=\"article:modified_time\" content=\"2023-01-06T18:19:06+00:00\" \/>\n<meta name=\"twitter:card\" content=\"summary_large_image\" \/>\n<meta name=\"twitter:label1\" content=\"Dur\u00e9e de lecture estim\u00e9e\" \/>\n\t<meta name=\"twitter:data1\" content=\"7 minutes\" \/>\n<script type=\"application\/ld+json\" class=\"yoast-schema-graph\">{\"@context\":\"https:\\\/\\\/schema.org\",\"@graph\":[{\"@type\":\"WebPage\",\"@id\":\"https:\\\/\\\/www.nartist.it\\\/fr\\\/concept-store\\\/\",\"url\":\"https:\\\/\\\/www.nartist.it\\\/fr\\\/concept-store\\\/\",\"name\":\"Concept store Nartist\",\"isPartOf\":{\"@id\":\"https:\\\/\\\/www.nartist.it\\\/#website\"},\"datePublished\":\"2022-04-26T16:08:23+00:00\",\"dateModified\":\"2023-01-06T18:19:06+00:00\",\"description\":\"Il concept store Nartist \u00e8 un punto vendita digitale e sociale. Acquista un prodotto, associa un tela o opera Nartist, ricevi risparmi.\",\"inLanguage\":\"fr-FR\",\"potentialAction\":[{\"@type\":\"ReadAction\",\"target\":[\"https:\\\/\\\/www.nartist.it\\\/fr\\\/concept-store\\\/\"]}]},{\"@type\":\"WebSite\",\"@id\":\"https:\\\/\\\/www.nartist.it\\\/#website\",\"url\":\"https:\\\/\\\/www.nartist.it\\\/\",\"name\":\"Nartist\",\"description\":\"Finestre d&#039;arte aperte sul mondo\",\"potentialAction\":[{\"@type\":\"SearchAction\",\"target\":{\"@type\":\"EntryPoint\",\"urlTemplate\":\"https:\\\/\\\/www.nartist.it\\\/?s={search_term_string}\"},\"query-input\":{\"@type\":\"PropertyValueSpecification\",\"valueRequired\":true,\"valueName\":\"search_term_string\"}}],\"inLanguage\":\"fr-FR\"}]}<\/script>\n<!-- \/ Yoast SEO plugin. -->","yoast_head_json":{"title":"Concept store Nartist","description":"Il concept store Nartist \u00e8 un punto vendita digitale e sociale. Acquista un prodotto, associa un tela o opera Nartist, ricevi risparmi.","robots":{"index":"index","follow":"follow","max-snippet":"max-snippet:-1","max-image-preview":"max-image-preview:large","max-video-preview":"max-video-preview:-1"},"canonical":"https:\/\/www.nartist.it\/fr\/concept-store\/","og_locale":"fr_FR","og_type":"article","og_title":"Concept store Nartist","og_description":"Il concept store Nartist \u00e8 un punto vendita digitale e sociale. Acquista un prodotto, associa un tela o opera Nartist, ricevi risparmi.","og_url":"https:\/\/www.nartist.it\/fr\/concept-store\/","og_site_name":"Nartist","article_publisher":"https:\/\/www.facebook.com\/Nartistofficial","article_modified_time":"2023-01-06T18:19:06+00:00","twitter_card":"summary_large_image","twitter_misc":{"Dur\u00e9e de lecture estim\u00e9e":"7 minutes"},"schema":{"@context":"https:\/\/schema.org","@graph":[{"@type":"WebPage","@id":"https:\/\/www.nartist.it\/fr\/concept-store\/","url":"https:\/\/www.nartist.it\/fr\/concept-store\/","name":"Concept store Nartist","isPartOf":{"@id":"https:\/\/www.nartist.it\/#website"},"datePublished":"2022-04-26T16:08:23+00:00","dateModified":"2023-01-06T18:19:06+00:00","description":"Il concept store Nartist \u00e8 un punto vendita digitale e sociale. Acquista un prodotto, associa un tela o opera Nartist, ricevi risparmi.","inLanguage":"fr-FR","potentialAction":[{"@type":"ReadAction","target":["https:\/\/www.nartist.it\/fr\/concept-store\/"]}]},{"@type":"WebSite","@id":"https:\/\/www.nartist.it\/#website","url":"https:\/\/www.nartist.it\/","name":"Nartist","description":"Finestre d&#039;arte aperte sul mondo","potentialAction":[{"@type":"SearchAction","target":{"@type":"EntryPoint","urlTemplate":"https:\/\/www.nartist.it\/?s={search_term_string}"},"query-input":{"@type":"PropertyValueSpecification","valueRequired":true,"valueName":"search_term_string"}}],"inLanguage":"fr-FR"}]}},"_links":{"self":[{"href":"https:\/\/www.nartist.it\/fr\/wp-json\/wp\/v2\/pages\/8720","targetHints":{"allow":["GET"]}}],"collection":[{"href":"https:\/\/www.nartist.it\/fr\/wp-json\/wp\/v2\/pages"}],"about":[{"href":"https:\/\/www.nartist.it\/fr\/wp-json\/wp\/v2\/types\/page"}],"author":[{"embeddable":true,"href":"https:\/\/www.nartist.it\/fr\/wp-json\/wp\/v2\/users\/7"}],"replies":[{"embeddable":true,"href":"https:\/\/www.nartist.it\/fr\/wp-json\/wp\/v2\/comments?post=8720"}],"version-history":[{"count":33,"href":"https:\/\/www.nartist.it\/fr\/wp-json\/wp\/v2\/pages\/8720\/revisions"}],"predecessor-version":[{"id":9548,"href":"https:\/\/www.nartist.it\/fr\/wp-json\/wp\/v2\/pages\/8720\/revisions\/9548"}],"wp:attachment":[{"href":"https:\/\/www.nartist.it\/fr\/wp-json\/wp\/v2\/media?parent=8720"}],"curies":[{"name":"wp","href":"https:\/\/api.w.org\/{rel}","templated":true}]}}