{"id":8709,"date":"2022-09-23T09:03:02","date_gmt":"2022-09-23T07:03:02","guid":{"rendered":"https:\/\/www.nartist.it\/istituzioni\/"},"modified":"2022-11-08T10:42:19","modified_gmt":"2022-11-08T09:42:19","slug":"istituzioni","status":"publish","type":"page","link":"https:\/\/www.nartist.it\/en\/istituzioni\/","title":{"rendered":"Istituzioni"},"content":{"rendered":"<div class=\"wpb-content-wrapper\"><p>[vc_row css=&#8221;.vc_custom_1648824723914{background-image: url(https:\/\/www.nartist.it\/wp-content\/uploads\/2022\/03\/aaa-1.jpg?id=4775) !important;}&#8221;][vc_column][vc_custom_heading text=&#8221;Istituzione<br \/>\nil tuo territorio e la tua comunit\u00e0 protagonisti&#8221; font_container=&#8221;tag:h2|text_align:center|color:%23f6a704&#8243; use_theme_fonts=&#8221;yes&#8221; css_animation=&#8221;fadeInDown&#8221;][vc_empty_space height=&#8221;20px&#8221;][vc_column_text css_animation=&#8221;fadeInUp&#8221;]<\/p>\n<h4 style=\"text-align: center;\"><span style=\"color: #ffffff;\">Puoi essere Attivatore o dare il tuo Patrocinio a un contest <em><a style=\"color: #ffffff;\" href=\"https:\/\/www.nartist.it\/for-value\/\" target=\"_blank\" rel=\"noopener\">forVALUE\u00ae<\/a><\/em><\/span><\/h4>\n<p>[\/vc_column_text][\/vc_column][\/vc_row][vc_row][vc_column][vc_empty_space height=&#8221;20px&#8221;][vc_column_text css_animation=&#8221;fadeInUp&#8221;]<\/p>\n<h4 style=\"text-align: center;\"><span style=\"color: #1d1d1b;\"><span style=\"color: #f5a705;\"><em>Attivatori<\/em><\/span>\u00a0 \u00a0 decidono ogni aspetto del contest, calandolo nella realt\u00e0 locale, generando partecipazione nella comunit\u00e0 e sostegno al commercio locale. Diffondono arte attraverso un\u2019innovativa esperienza d&#8217;acquisto che premia uno o pi\u00f9 progetti di non profit.<br \/>\n<\/span><br \/>\n<span style=\"color: #1d1d1b;\"><span style=\"color: #f5a705;\"><em>Patrocinatori<\/em><\/span>\u00a0 \u00a0 sostengono l&#8217;attivatore nella promozione e coinvolgimento del territorio attraverso le attivit\u00e0 economiche locali, associazioni, scuole, ecc. Contribuiscono a diffondere arte e solidariet\u00e0 nella comunit\u00e0.<\/span><\/h4>\n<p>[\/vc_column_text][\/vc_column][\/vc_row][vc_row][vc_column][vc_separator color=&#8221;orange&#8221;][vc_column_text]<\/p>\n<h3 style=\"text-align: center;\"><span style=\"color: #000000;\">I vantaggi della Tela Nartist per le Istituzioni<\/span><\/h3>\n<p>[\/vc_column_text][vc_single_image image=&#8221;8569&#8243; img_size=&#8221;large&#8221; alignment=&#8221;center&#8221;][\/vc_column][\/vc_row][vc_row css=&#8221;.vc_custom_1648824723914{background-image: url(https:\/\/www.nartist.it\/wp-content\/uploads\/2022\/03\/aaa-1.jpg?id=4775) !important;}&#8221;][vc_column][vc_empty_space][vc_column_text css_animation=&#8221;fadeInUp&#8221;]<\/p>\n<h4 style=\"text-align: center;\"><span style=\"color: #ffffff;\">Le tappe principali del tuo percorso con noi<\/span><\/h4>\n<p>[\/vc_column_text][vc_column_text css_animation=&#8221;fadeInUp&#8221;]<\/p>\n<ul>\n<li><span style=\"color: #ffffff;\">Diventa attivatore di un Contest e distribuisci le Tele Nartist sul territorio con il supporto del nostro team e di altri sostenitori<\/span><\/li>\n<li><span style=\"color: #ffffff;\">Con le realt\u00e0 economiche locali, le associazioni, le scuole e altri soggetti, definisci le modalit\u00e0 di distribuzione delle Tele Nartist e la gestione del Concorso d\u2019arte<\/span><\/li>\n<li><span style=\"color: #ffffff;\">Stabilisci le quote del montepremi generato dalla distribuzione delle Tele da destinare all\u2019opera vincitrice (possessore + artista) e al progetto sociale (che scegli tu)<\/span><\/li>\n<li><span style=\"color: #ffffff;\">Le realt\u00e0 economiche locali possono vendere i propri prodotti\/servizi associati alla Tela con una promozione, invitando cos\u00ec il cliente ad investire il risparmio nella commissione di un\u2019opera su Tela Nartist ad un artista (rigenerazione del valore)<\/span><\/li>\n<li><span style=\"color: #ffffff;\">Il tuo territorio e la tua comunit\u00e0 diventano protagonisti di un sistema che diffonde arte e solidariet\u00e0, di un gioco in cui tutti vincono<\/span><\/li>\n<\/ul>\n<p>[\/vc_column_text][\/vc_column][\/vc_row][vc_row css=&#8221;.vc_custom_1648825547279{background-image: url(https:\/\/www.nartist.it\/wp-content\/uploads\/2022\/03\/ccc.jpg?id=4771) !important;}&#8221;][vc_column][vc_empty_space][vc_custom_heading text=&#8221;Prendi l&#8217;arte e fai la tua parte per il tuo territorio e la tua comunit\u00e0&#8221; font_container=&#8221;tag:h3|text_align:center|color:%23ffffff&#8221; use_theme_fonts=&#8221;yes&#8221;][vc_btn title=&#8221;Scrivici subito&#8221; color=&#8221;black&#8221; size=&#8221;lg&#8221; align=&#8221;center&#8221; css_animation=&#8221;fadeInUpBig&#8221; link=&#8221;url:https%3A%2F%2Fwww.nartist.it%2Fcontatti&#8221;][\/vc_column][\/vc_row][vc_row][vc_column][vc_empty_space][vc_custom_heading text=&#8221;Guarda cosa abbiamo fatto finora&#8221; font_container=&#8221;tag:h3|text_align:center|color:%23f6a704&#8243; use_theme_fonts=&#8221;yes&#8221;][vc_btn title=&#8221;Archivio eventi&#8221; color=&#8221;warning&#8221; align=&#8221;center&#8221; link=&#8221;url:https%3A%2F%2Fwww.nartist.it%2FMOSTRE-EVENTI%2F&#8221;][\/vc_column][\/vc_row]<\/p>\n<\/div>","protected":false},"excerpt":{"rendered":"<p>[vc_row css=&#8221;.vc_custom_1648824723914{background-image: url(https:\/\/www.nartist.it\/wp-content\/uploads\/2022\/03\/aaa-1.jpg?id=4775) !important;}&#8221;][vc_column][vc_custom_heading text=&#8221;Istituzione il tuo territorio e la tua comunit\u00e0 protagonisti&#8221; font_container=&#8221;tag:h2|text_align:center|color:%23f6a704&#8243; use_theme_fonts=&#8221;yes&#8221; css_animation=&#8221;fadeInDown&#8221;][vc_empty_space height=&#8221;20px&#8221;][vc_column_text css_animation=&#8221;fadeInUp&#8221;] Puoi essere Attivatore o dare il tuo Patrocinio a un contest forVALUE\u00ae [\/vc_column_text][\/vc_column][\/vc_row][vc_row][vc_column][vc_empty_space height=&#8221;20px&#8221;][vc_column_text css_animation=&#8221;fadeInUp&#8221;] Attivatori\u00a0 \u00a0 decidono ogni aspetto del contest, calandolo nella realt\u00e0 locale, generando partecipazione nella comunit\u00e0 e sostegno al commercio locale. Diffondono arte [&hellip;]<\/p>\n","protected":false},"author":5,"featured_media":0,"parent":0,"menu_order":0,"comment_status":"closed","ping_status":"closed","template":"","meta":{"footnotes":""},"class_list":["post-8709","page","type-page","status-publish","hentry"],"yoast_head":"<!-- This site is optimized with the Yoast SEO plugin v27.5 - https:\/\/yoast.com\/product\/yoast-seo-wordpress\/ -->\n<title>Istituzioni - Nartist<\/title>\n<meta name=\"description\" content=\"All&#039;interno del mondo Nartist, le aziende, le istituzioni e i professionisti possono attivare un concorso forVALUE\u00ae.\" \/>\n<meta name=\"robots\" content=\"index, follow, max-snippet:-1, max-image-preview:large, max-video-preview:-1\" \/>\n<link rel=\"canonical\" href=\"https:\/\/www.nartist.it\/istituzioni\/\" \/>\n<meta property=\"og:locale\" content=\"en_US\" \/>\n<meta property=\"og:type\" content=\"article\" \/>\n<meta property=\"og:title\" content=\"Istituzioni - Nartist\" \/>\n<meta property=\"og:description\" content=\"All&#039;interno del mondo Nartist, le aziende, le istituzioni e i professionisti possono attivare un concorso forVALUE\u00ae.\" \/>\n<meta property=\"og:url\" content=\"https:\/\/www.nartist.it\/istituzioni\/\" \/>\n<meta property=\"og:site_name\" content=\"Nartist\" \/>\n<meta property=\"article:publisher\" content=\"https:\/\/www.facebook.com\/Nartistofficial\" \/>\n<meta property=\"article:modified_time\" content=\"2022-11-08T09:42:19+00:00\" \/>\n<meta name=\"twitter:card\" content=\"summary_large_image\" \/>\n<meta name=\"twitter:label1\" content=\"Est. reading time\" \/>\n\t<meta name=\"twitter:data1\" content=\"2 minutes\" \/>\n<script type=\"application\/ld+json\" class=\"yoast-schema-graph\">{\"@context\":\"https:\\\/\\\/schema.org\",\"@graph\":[{\"@type\":\"WebPage\",\"@id\":\"https:\\\/\\\/www.nartist.it\\\/istituzioni\\\/\",\"url\":\"https:\\\/\\\/www.nartist.it\\\/istituzioni\\\/\",\"name\":\"Istituzioni - Nartist\",\"isPartOf\":{\"@id\":\"https:\\\/\\\/www.nartist.it\\\/#website\"},\"datePublished\":\"2022-09-23T07:03:02+00:00\",\"dateModified\":\"2022-11-08T09:42:19+00:00\",\"description\":\"All'interno del mondo Nartist, le aziende, le istituzioni e i professionisti possono attivare un concorso forVALUE\u00ae.\",\"inLanguage\":\"en-US\",\"potentialAction\":[{\"@type\":\"ReadAction\",\"target\":[\"https:\\\/\\\/www.nartist.it\\\/istituzioni\\\/\"]}]},{\"@type\":\"WebSite\",\"@id\":\"https:\\\/\\\/www.nartist.it\\\/#website\",\"url\":\"https:\\\/\\\/www.nartist.it\\\/\",\"name\":\"Nartist\",\"description\":\"Finestre d&#039;arte aperte sul mondo\",\"potentialAction\":[{\"@type\":\"SearchAction\",\"target\":{\"@type\":\"EntryPoint\",\"urlTemplate\":\"https:\\\/\\\/www.nartist.it\\\/?s={search_term_string}\"},\"query-input\":{\"@type\":\"PropertyValueSpecification\",\"valueRequired\":true,\"valueName\":\"search_term_string\"}}],\"inLanguage\":\"en-US\"}]}<\/script>\n<!-- \/ Yoast SEO plugin. -->","yoast_head_json":{"title":"Istituzioni - Nartist","description":"All'interno del mondo Nartist, le aziende, le istituzioni e i professionisti possono attivare un concorso forVALUE\u00ae.","robots":{"index":"index","follow":"follow","max-snippet":"max-snippet:-1","max-image-preview":"max-image-preview:large","max-video-preview":"max-video-preview:-1"},"canonical":"https:\/\/www.nartist.it\/istituzioni\/","og_locale":"en_US","og_type":"article","og_title":"Istituzioni - Nartist","og_description":"All'interno del mondo Nartist, le aziende, le istituzioni e i professionisti possono attivare un concorso forVALUE\u00ae.","og_url":"https:\/\/www.nartist.it\/istituzioni\/","og_site_name":"Nartist","article_publisher":"https:\/\/www.facebook.com\/Nartistofficial","article_modified_time":"2022-11-08T09:42:19+00:00","twitter_card":"summary_large_image","twitter_misc":{"Est. reading time":"2 minutes"},"schema":{"@context":"https:\/\/schema.org","@graph":[{"@type":"WebPage","@id":"https:\/\/www.nartist.it\/istituzioni\/","url":"https:\/\/www.nartist.it\/istituzioni\/","name":"Istituzioni - Nartist","isPartOf":{"@id":"https:\/\/www.nartist.it\/#website"},"datePublished":"2022-09-23T07:03:02+00:00","dateModified":"2022-11-08T09:42:19+00:00","description":"All'interno del mondo Nartist, le aziende, le istituzioni e i professionisti possono attivare un concorso forVALUE\u00ae.","inLanguage":"en-US","potentialAction":[{"@type":"ReadAction","target":["https:\/\/www.nartist.it\/istituzioni\/"]}]},{"@type":"WebSite","@id":"https:\/\/www.nartist.it\/#website","url":"https:\/\/www.nartist.it\/","name":"Nartist","description":"Finestre d&#039;arte aperte sul mondo","potentialAction":[{"@type":"SearchAction","target":{"@type":"EntryPoint","urlTemplate":"https:\/\/www.nartist.it\/?s={search_term_string}"},"query-input":{"@type":"PropertyValueSpecification","valueRequired":true,"valueName":"search_term_string"}}],"inLanguage":"en-US"}]}},"_links":{"self":[{"href":"https:\/\/www.nartist.it\/en\/wp-json\/wp\/v2\/pages\/8709","targetHints":{"allow":["GET"]}}],"collection":[{"href":"https:\/\/www.nartist.it\/en\/wp-json\/wp\/v2\/pages"}],"about":[{"href":"https:\/\/www.nartist.it\/en\/wp-json\/wp\/v2\/types\/page"}],"author":[{"embeddable":true,"href":"https:\/\/www.nartist.it\/en\/wp-json\/wp\/v2\/users\/5"}],"replies":[{"embeddable":true,"href":"https:\/\/www.nartist.it\/en\/wp-json\/wp\/v2\/comments?post=8709"}],"version-history":[{"count":1,"href":"https:\/\/www.nartist.it\/en\/wp-json\/wp\/v2\/pages\/8709\/revisions"}],"predecessor-version":[{"id":8711,"href":"https:\/\/www.nartist.it\/en\/wp-json\/wp\/v2\/pages\/8709\/revisions\/8711"}],"wp:attachment":[{"href":"https:\/\/www.nartist.it\/en\/wp-json\/wp\/v2\/media?parent=8709"}],"curies":[{"name":"wp","href":"https:\/\/api.w.org\/{rel}","templated":true}]}}