{"id":8681,"date":"2020-12-10T11:52:06","date_gmt":"2020-12-10T10:52:06","guid":{"rendered":"https:\/\/www.nartist.it\/la-nostra-storia\/"},"modified":"2023-06-14T16:01:48","modified_gmt":"2023-06-14T14:01:48","slug":"idea-visione","status":"publish","type":"page","link":"https:\/\/www.nartist.it\/en\/idea-visione\/","title":{"rendered":"L&#8217;idea e la visione"},"content":{"rendered":"<div class=\"wpb-content-wrapper\"><p>[vc_row][vc_column][vc_empty_space][vc_custom_heading text=&#8221;L&#8217;idea e la nostra visione&#8221; font_container=&#8221;tag:h2|font_size:33|text_align:center|color:%23f6a704&#8243; use_theme_fonts=&#8221;yes&#8221; css_animation=&#8221;fadeInDown&#8221;][\/vc_column][\/vc_row][vc_row][vc_column width=&#8221;1\/2&#8243;][vc_column_text css_animation=&#8221;fadeInUp&#8221;]<span style=\"font-weight: 400;\">L\u2019idea originaria \u00e8 di <\/span><span style=\"font-weight: 400;\">Gianfranco Nicastri, consulente aziendale con esperienza trentennale nella gestione di problematiche di aziende in difficolt\u00e0 per le quali ha elaborato un modello di economia innovativo che coniuga elementi di filosofia e psicologia. Un approccio visionario alla professione che lo accompagna da sempre in ogni ambito della sua vita. <\/span><span style=\"font-weight: 400;\"><br \/>\n<\/span><span style=\"font-weight: 400;\">Venuto a contatto con il mondo dell\u2019arte, ne riconosce l\u2019importanza vitale, antica e contemporanea, beneficiandone olisticamente.<\/span>[\/vc_column_text][vc_custom_heading text=&#8221;Frammenti d\u2019arte&#8221; font_container=&#8221;tag:h4|text_align:left|color:%23f6a704&#8243; use_theme_fonts=&#8221;yes&#8221; css_animation=&#8221;fadeInDown&#8221; link=&#8221;|||&#8221;][vc_column_text css_animation=&#8221;fadeInUp&#8221;]<\/p>\n<div class=\"wpb_text_column wpb_content_element wpb_animate_when_almost_visible wpb_fadeInUp fadeInUp wpb_start_animation animated\">\n<div class=\"wpb_wrapper\">\n<p><b><i><\/i><\/b><span style=\"font-weight: 400;\">Ad innescare il processo \u00e8 l\u2019incontro con un artista che gli chiede idee per finanziare il grande sogno di aprire una scuola d\u2019arte.<\/span><\/p>\n<p><span style=\"font-weight: 400;\">Dopo una lunga riflessione, Gianfranco approda all\u2019idea di un dipinto che possa essere venduto in frammenti: un grande mosaico composto da micro opere per invitare quanti pi\u00f9 collezionisti a partecipare all&#8217;impresa.<\/span><span style=\"font-weight: 400;\"><br \/>\n<\/span><span style=\"font-weight: 400;\">Suggerisce, cos\u00ec all\u2019amico di realizzare questa grande opera con l\u2019aiuto di studenti d\u2019arte e giovani artisti in erba e di trovare acquirenti per i diversi frammenti.<\/span><\/p>\n<\/div>\n<\/div>\n<p>[\/vc_column_text][vc_empty_space][vc_empty_space][vc_empty_space][vc_single_image image=&#8221;7361&#8243; img_size=&#8221;400&#215;400&#8243; alignment=&#8221;center&#8221; style=&#8221;vc_box_outline_circle_2&#8243; css_animation=&#8221;fadeInUp&#8221;][vc_column_text css_animation=&#8221;fadeInUp&#8221;]<\/p>\n<div class=\"wpb_text_column wpb_content_element wpb_animate_when_almost_visible wpb_fadeInUp fadeInUp wpb_start_animation animated\">\n<div class=\"wpb_wrapper\">\n<p>Il primo prototipo<\/p>\n<\/div>\n<\/div>\n<p>[\/vc_column_text][vc_empty_space][vc_empty_space][\/vc_column][vc_column width=&#8221;1\/2&#8243;][vc_single_image image=&#8221;8541&#8243; img_size=&#8221;400&#215;400&#8243; alignment=&#8221;center&#8221; style=&#8221;vc_box_outline_circle_2&#8243; css_animation=&#8221;fadeInUp&#8221;][vc_column_text css_animation=&#8221;fadeInUp&#8221;]<\/p>\n<div class=\"wpb_text_column wpb_content_element wpb_animate_when_almost_visible wpb_fadeInUp fadeInUp wpb_start_animation animated\">\n<div class=\"wpb_wrapper\">\n<p style=\"text-align: center;\">Gianfranco Nicastri avanti l&#8217;installazione Relazioni e Interazioni<\/p>\n<\/div>\n<\/div>\n<p>[\/vc_column_text][vc_empty_space][vc_empty_space][vc_empty_space][vc_empty_space][vc_custom_heading text=&#8221;Il sogno&#8221; font_container=&#8221;tag:h4|text_align:left|color:%23f6a704&#8243; use_theme_fonts=&#8221;yes&#8221; css_animation=&#8221;fadeInDown&#8221; link=&#8221;|||&#8221;][vc_column_text css_animation=&#8221;fadeInUp&#8221;]<\/p>\n<div class=\"wpb_text_column wpb_content_element wpb_animate_when_almost_visible wpb_fadeInUp fadeInUp wpb_start_animation animated\">\n<div class=\"wpb_wrapper\">\n<p><span style=\"font-weight: 400;\">L\u2019iniziativa riscuote un considerevole successo, per cui Gianfranco riflette su come trasferire nel quotidiano l\u2019esperienza di vendere piccole opere d&#8217;arte a sostegno di progetti culturali e sociali per diffondere arte e solidariet\u00e0. Sogna se stesso nell\u2019intento di &#8216;aprire&#8217; una finestra su una T-shirt, nella quale inserire una tela dalle piccole dimensioni e dalla forma ottagonale allungata. Sogna milioni di persone che indossano queste T-shirt riconoscendosi negli alti valori dell&#8217;arte e della solidariet\u00e0.<\/span><\/p>\n<\/div>\n<\/div>\n<p>[\/vc_column_text][vc_custom_heading text=&#8221;La finestra si apre&#8221; font_container=&#8221;tag:h4|text_align:left|color:%23f6a704&#8243; use_theme_fonts=&#8221;yes&#8221; css_animation=&#8221;fadeInDown&#8221; link=&#8221;|||&#8221;][vc_column_text css_animation=&#8221;fadeInUp&#8221;]<\/p>\n<div class=\"wpb_text_column wpb_content_element wpb_animate_when_almost_visible wpb_fadeInUp fadeInUp wpb_start_animation animated\">\n<div class=\"wpb_wrapper\">\n<p><span style=\"font-weight: 400;\">I giorni seguenti passano fra tentativi ed errori, inseguendo questa intuizione.<\/span><span style=\"font-weight: 400;\"><br \/>\n<\/span><span style=\"font-weight: 400;\">Poi finalmente la finestra si apre e lascia entrare una luce sfolgorante: l\u2019arte da vivere come esperienza quotidiana attraverso la moda, il design ma anche attraverso il gioco: un concorso d&#8217;arte innovativo a cui possono partecipare tutti e in cui tutti vincono.<\/span><span style=\"font-weight: 400;\"><br \/>\n<\/span><span style=\"font-weight: 400;\">In pochi anni il sogno \u00e8 diventato realt\u00e0 e Nartist oggi avvicina all\u2019arte un ampio pubblico con una serie di strumenti e azioni che riempiono di valore l\u2019esperienza di acquisto e creano relazioni e interazioni fra mondi differenti, per secoli lontani fra loro. \u00c8 il nostro progetto: pubblico e privato, arte ed economia, solidariet\u00e0 e creativit\u00e0, gioco e collaborazione.<\/span><\/p>\n<\/div>\n<\/div>\n<p>[\/vc_column_text][vc_empty_space][\/vc_column][\/vc_row][vc_row][vc_column width=&#8221;1\/2&#8243;][vc_custom_heading text=&#8221;Relazioni e Interazioni&#8221; font_container=&#8221;tag:h4|text_align:left|color:%23f6a704&#8243; use_theme_fonts=&#8221;yes&#8221; css_animation=&#8221;fadeInDown&#8221; link=&#8221;|||&#8221;][vc_column_text css_animation=&#8221;fadeInUp&#8221;]&#8221;Relazioni e interazioni&#8221; \u00e8 una speciale installazione ideata da Gianfranco Nicastri, che abbraccia e unisce 18 opere d\u2019arte su Tela Nartist di diversi artisti e collezionisti.<\/p>\n<p>L\u2019installazione \u00e8 allestita in modo permanente nella Galleria Nartist di Gioia di Colle (BA) ed \u00e8 itinerante e cangiante, infatti si trasforma periodicamente ospitando 18 opere sempre diverse, a seconda del progetto o del concorso d\u2019arte in corso, e pu\u00f2 essere &#8216;aperta&#8217; in qualsiasi location desideri ospitarla e collaborare a questa rivoluzione artistica, economica ed etica.[\/vc_column_text][vc_custom_heading text=&#8221;Il significato&#8221; font_container=&#8221;tag:h4|text_align:left|color:%23f6a704&#8243; use_theme_fonts=&#8221;yes&#8221; css_animation=&#8221;fadeInDown&#8221; link=&#8221;|||&#8221;][vc_column_text css_animation=&#8221;fadeInUp&#8221;]<\/p>\n<div class=\"wpb_text_column wpb_content_element wpb_animate_when_almost_visible wpb_fadeInUp fadeInUp wpb_start_animation animated\">\n<div class=\"wpb_wrapper\">\n<p>Si tratta di un\u2019interpretazione moderna del concetto di Mecenatismo che Nartist rende collaborativo abbracciando 18 opere d\u2019arte di artisti e collezionisti sempre diversi.<\/p>\n<p>Il numero 18 \u00e8 multiplo di 9 che, oltre a simboleggiare completezza e compimento, racchiude una forma di energia carica di compassione e amore diffusa a livello globale.<\/p>\n<p>La porta al centro \u00e8 simbolo di apertura, di dialogo fra dentro e fuori, di possibilit\u00e0 infinite. Il logo di Nartist, il trapezio, amplifica la portata del messaggio universale.<\/p>\n<p><em>\u201cL&#8217;impermanenza nell&#8217;evoluzione di un\u2019esperienza unica, originale e di valore, per andare oltre l&#8217;apparenza della materia e unire ad essa, attraverso l&#8217;energia dell&#8217;arte, l&#8217;anima del mecenate con l\u2019anima dell&#8217;artista e l&#8217;essenza della sua opera, per comunicare un messaggio da vivere ogni istante nella vita\u201d.<\/em><\/p>\n<\/div>\n<\/div>\n<p>[\/vc_column_text][vc_empty_space][vc_empty_space][vc_empty_space][\/vc_column][vc_column width=&#8221;1\/2&#8243;][vc_single_image image=&#8221;9664&#8243; img_size=&#8221;400&#215;400&#8243; alignment=&#8221;center&#8221; style=&#8221;vc_box_outline_circle_2&#8243; css_animation=&#8221;fadeInUp&#8221;][vc_column_text css_animation=&#8221;fadeInUp&#8221;]<\/p>\n<div class=\"wpb_text_column wpb_content_element wpb_animate_when_almost_visible wpb_fadeInUp fadeInUp wpb_start_animation animated\">\n<div class=\"wpb_wrapper\">\n<p style=\"text-align: center;\">Installazione im-permanente presso Galleria Nartist<\/p>\n<\/div>\n<\/div>\n<p>[\/vc_column_text][vc_empty_space][vc_empty_space][vc_empty_space][vc_empty_space][vc_empty_space][\/vc_column][\/vc_row]<\/p>\n<\/div>","protected":false},"excerpt":{"rendered":"<p>[vc_row][vc_column][vc_empty_space][vc_custom_heading text=&#8221;L&#8217;idea e la nostra visione&#8221; font_container=&#8221;tag:h2|font_size:33|text_align:center|color:%23f6a704&#8243; use_theme_fonts=&#8221;yes&#8221; css_animation=&#8221;fadeInDown&#8221;][\/vc_column][\/vc_row][vc_row][vc_column width=&#8221;1\/2&#8243;][vc_column_text css_animation=&#8221;fadeInUp&#8221;]L\u2019idea originaria \u00e8 di Gianfranco Nicastri, consulente aziendale con esperienza trentennale nella gestione di problematiche di aziende in difficolt\u00e0 per le quali ha elaborato un modello di economia innovativo che coniuga elementi di filosofia e psicologia. Un approccio visionario alla professione che lo accompagna da [&hellip;]<\/p>\n","protected":false},"author":7,"featured_media":0,"parent":0,"menu_order":0,"comment_status":"closed","ping_status":"closed","template":"","meta":{"footnotes":""},"class_list":["post-8681","page","type-page","status-publish","hentry"],"yoast_head":"<!-- This site is optimized with the Yoast SEO plugin v27.5 - https:\/\/yoast.com\/product\/yoast-seo-wordpress\/ -->\n<title>L&#039;idea e la visione - Nartist<\/title>\n<meta name=\"description\" content=\"L\u2019idea originaria \u00e8 di Gianfranco Nicastri, che ha elaborato un modello di economia basato sull&#039;arte e sulla solidariet\u00e0 e che coniuga elementi di filosofia e psicologia.\" \/>\n<meta name=\"robots\" content=\"index, follow, max-snippet:-1, max-image-preview:large, max-video-preview:-1\" \/>\n<link rel=\"canonical\" href=\"https:\/\/www.nartist.it\/en\/idea-visione\/\" \/>\n<meta property=\"og:locale\" content=\"en_US\" \/>\n<meta property=\"og:type\" content=\"article\" \/>\n<meta property=\"og:title\" content=\"L&#039;idea e la visione - Nartist\" \/>\n<meta property=\"og:description\" content=\"L\u2019idea originaria \u00e8 di Gianfranco Nicastri, che ha elaborato un modello di economia basato sull&#039;arte e sulla solidariet\u00e0 e che coniuga elementi di filosofia e psicologia.\" \/>\n<meta property=\"og:url\" content=\"https:\/\/www.nartist.it\/en\/idea-visione\/\" \/>\n<meta property=\"og:site_name\" content=\"Nartist\" \/>\n<meta property=\"article:publisher\" content=\"https:\/\/www.facebook.com\/Nartistofficial\" \/>\n<meta property=\"article:modified_time\" content=\"2023-06-14T14:01:48+00:00\" \/>\n<meta name=\"twitter:card\" content=\"summary_large_image\" \/>\n<meta name=\"twitter:label1\" content=\"Est. reading time\" \/>\n\t<meta name=\"twitter:data1\" content=\"2 minutes\" \/>\n<script type=\"application\/ld+json\" class=\"yoast-schema-graph\">{\"@context\":\"https:\\\/\\\/schema.org\",\"@graph\":[{\"@type\":\"WebPage\",\"@id\":\"https:\\\/\\\/www.nartist.it\\\/en\\\/idea-visione\\\/\",\"url\":\"https:\\\/\\\/www.nartist.it\\\/en\\\/idea-visione\\\/\",\"name\":\"L'idea e la visione - Nartist\",\"isPartOf\":{\"@id\":\"https:\\\/\\\/www.nartist.it\\\/#website\"},\"datePublished\":\"2020-12-10T10:52:06+00:00\",\"dateModified\":\"2023-06-14T14:01:48+00:00\",\"description\":\"L\u2019idea originaria \u00e8 di Gianfranco Nicastri, che ha elaborato un modello di economia basato sull'arte e sulla solidariet\u00e0 e che coniuga elementi di filosofia e psicologia.\",\"inLanguage\":\"en-US\",\"potentialAction\":[{\"@type\":\"ReadAction\",\"target\":[\"https:\\\/\\\/www.nartist.it\\\/en\\\/idea-visione\\\/\"]}]},{\"@type\":\"WebSite\",\"@id\":\"https:\\\/\\\/www.nartist.it\\\/#website\",\"url\":\"https:\\\/\\\/www.nartist.it\\\/\",\"name\":\"Nartist\",\"description\":\"Finestre d&#039;arte aperte sul mondo\",\"potentialAction\":[{\"@type\":\"SearchAction\",\"target\":{\"@type\":\"EntryPoint\",\"urlTemplate\":\"https:\\\/\\\/www.nartist.it\\\/?s={search_term_string}\"},\"query-input\":{\"@type\":\"PropertyValueSpecification\",\"valueRequired\":true,\"valueName\":\"search_term_string\"}}],\"inLanguage\":\"en-US\"}]}<\/script>\n<!-- \/ Yoast SEO plugin. -->","yoast_head_json":{"title":"L'idea e la visione - Nartist","description":"L\u2019idea originaria \u00e8 di Gianfranco Nicastri, che ha elaborato un modello di economia basato sull'arte e sulla solidariet\u00e0 e che coniuga elementi di filosofia e psicologia.","robots":{"index":"index","follow":"follow","max-snippet":"max-snippet:-1","max-image-preview":"max-image-preview:large","max-video-preview":"max-video-preview:-1"},"canonical":"https:\/\/www.nartist.it\/en\/idea-visione\/","og_locale":"en_US","og_type":"article","og_title":"L'idea e la visione - Nartist","og_description":"L\u2019idea originaria \u00e8 di Gianfranco Nicastri, che ha elaborato un modello di economia basato sull'arte e sulla solidariet\u00e0 e che coniuga elementi di filosofia e psicologia.","og_url":"https:\/\/www.nartist.it\/en\/idea-visione\/","og_site_name":"Nartist","article_publisher":"https:\/\/www.facebook.com\/Nartistofficial","article_modified_time":"2023-06-14T14:01:48+00:00","twitter_card":"summary_large_image","twitter_misc":{"Est. reading time":"2 minutes"},"schema":{"@context":"https:\/\/schema.org","@graph":[{"@type":"WebPage","@id":"https:\/\/www.nartist.it\/en\/idea-visione\/","url":"https:\/\/www.nartist.it\/en\/idea-visione\/","name":"L'idea e la visione - Nartist","isPartOf":{"@id":"https:\/\/www.nartist.it\/#website"},"datePublished":"2020-12-10T10:52:06+00:00","dateModified":"2023-06-14T14:01:48+00:00","description":"L\u2019idea originaria \u00e8 di Gianfranco Nicastri, che ha elaborato un modello di economia basato sull'arte e sulla solidariet\u00e0 e che coniuga elementi di filosofia e psicologia.","inLanguage":"en-US","potentialAction":[{"@type":"ReadAction","target":["https:\/\/www.nartist.it\/en\/idea-visione\/"]}]},{"@type":"WebSite","@id":"https:\/\/www.nartist.it\/#website","url":"https:\/\/www.nartist.it\/","name":"Nartist","description":"Finestre d&#039;arte aperte sul mondo","potentialAction":[{"@type":"SearchAction","target":{"@type":"EntryPoint","urlTemplate":"https:\/\/www.nartist.it\/?s={search_term_string}"},"query-input":{"@type":"PropertyValueSpecification","valueRequired":true,"valueName":"search_term_string"}}],"inLanguage":"en-US"}]}},"_links":{"self":[{"href":"https:\/\/www.nartist.it\/en\/wp-json\/wp\/v2\/pages\/8681","targetHints":{"allow":["GET"]}}],"collection":[{"href":"https:\/\/www.nartist.it\/en\/wp-json\/wp\/v2\/pages"}],"about":[{"href":"https:\/\/www.nartist.it\/en\/wp-json\/wp\/v2\/types\/page"}],"author":[{"embeddable":true,"href":"https:\/\/www.nartist.it\/en\/wp-json\/wp\/v2\/users\/7"}],"replies":[{"embeddable":true,"href":"https:\/\/www.nartist.it\/en\/wp-json\/wp\/v2\/comments?post=8681"}],"version-history":[{"count":21,"href":"https:\/\/www.nartist.it\/en\/wp-json\/wp\/v2\/pages\/8681\/revisions"}],"predecessor-version":[{"id":10086,"href":"https:\/\/www.nartist.it\/en\/wp-json\/wp\/v2\/pages\/8681\/revisions\/10086"}],"wp:attachment":[{"href":"https:\/\/www.nartist.it\/en\/wp-json\/wp\/v2\/media?parent=8681"}],"curies":[{"name":"wp","href":"https:\/\/api.w.org\/{rel}","templated":true}]}}